{"id":1574,"date":"2022-08-12T08:27:59","date_gmt":"2022-08-12T13:27:59","guid":{"rendered":"https:\/\/www.prowebcol.com\/new\/?page_id=1574"},"modified":"2026-01-21T08:57:11","modified_gmt":"2026-01-21T13:57:11","slug":"desarrollo-de-software","status":"publish","type":"page","link":"https:\/\/www.prowebcol.com\/new\/index.php\/desarrollo-de-software\/","title":{"rendered":"Desarrollo de Software"},"content":{"rendered":"\t\t<div data-elementor-type=\"wp-page\" data-elementor-id=\"1574\" class=\"elementor elementor-1574\">\n\t\t\t\t\t\t<section class=\"elementor-section elementor-top-section elementor-element elementor-element-5c23930 elementor-section-boxed elementor-section-height-default elementor-section-height-default\" data-id=\"5c23930\" data-element_type=\"section\">\n\t\t\t\t\t\t<div class=\"elementor-container elementor-column-gap-default\">\n\t\t\t\t\t<div class=\"elementor-column elementor-col-100 elementor-top-column elementor-element elementor-element-9bd78ea\" data-id=\"9bd78ea\" data-element_type=\"column\">\n\t\t\t<div class=\"elementor-widget-wrap elementor-element-populated\">\n\t\t\t\t\t\t<div class=\"elementor-element elementor-element-8fb77ed elementor-widget elementor-widget-heading\" data-id=\"8fb77ed\" data-element_type=\"widget\" data-widget_type=\"heading.default\">\n\t\t\t\t<div class=\"elementor-widget-container\">\n\t\t\t\t\t<h1 class=\"elementor-heading-title elementor-size-default\">Desarrollo de Apps y programas en el 2026<\/h1>\t\t\t\t<\/div>\n\t\t\t\t<\/div>\n\t\t\t\t\t<\/div>\n\t\t<\/div>\n\t\t\t\t\t<\/div>\n\t\t<\/section>\n\t\t\t\t<section class=\"elementor-section elementor-top-section elementor-element elementor-element-bdf36d1 elementor-section-boxed elementor-section-height-default elementor-section-height-default\" data-id=\"bdf36d1\" data-element_type=\"section\">\n\t\t\t\t\t\t<div class=\"elementor-container elementor-column-gap-default\">\n\t\t\t\t\t<div class=\"elementor-column elementor-col-50 elementor-top-column elementor-element elementor-element-a9f2ef3\" data-id=\"a9f2ef3\" data-element_type=\"column\">\n\t\t\t<div class=\"elementor-widget-wrap elementor-element-populated\">\n\t\t\t\t\t\t<div class=\"elementor-element elementor-element-c413f11 elementor-widget elementor-widget-image\" data-id=\"c413f11\" data-element_type=\"widget\" data-widget_type=\"image.default\">\n\t\t\t\t<div class=\"elementor-widget-container\">\n\t\t\t\t\t\t\t\t\t\t\t\t\t\t\t<img decoding=\"async\" src=\"https:\/\/www.prowebcol.com\/images\/contenido\/2020\/09\/Software-Es.jpg\" title=\"\" alt=\"Dise\u00f1o y Desarrollo de Software\" loading=\"lazy\" \/>\t\t\t\t\t\t\t\t\t\t\t\t\t\t\t<\/div>\n\t\t\t\t<\/div>\n\t\t\t\t\t<\/div>\n\t\t<\/div>\n\t\t\t\t<div class=\"elementor-column elementor-col-50 elementor-top-column elementor-element elementor-element-a699e4b\" data-id=\"a699e4b\" data-element_type=\"column\">\n\t\t\t<div class=\"elementor-widget-wrap elementor-element-populated\">\n\t\t\t\t\t\t<div class=\"elementor-element elementor-element-8c6b936 elementor-widget elementor-widget-text-editor\" data-id=\"8c6b936\" data-element_type=\"widget\" data-widget_type=\"text-editor.default\">\n\t\t\t\t<div class=\"elementor-widget-container\">\n\t\t\t\t\t\t\t\t\t<h4 style=\"text-align: justify;\">En este nuevo a\u00f1o 2026, aumente su productividad y eficacia, automatizando los procesos de su negocio, con herramientas inform\u00e1ticas (TI) \u00e1giles, seguras y totalmente ajustadas a sus necesidades.<\/h4>\t\t\t\t\t\t\t\t<\/div>\n\t\t\t\t<\/div>\n\t\t\t\t\t<\/div>\n\t\t<\/div>\n\t\t\t\t\t<\/div>\n\t\t<\/section>\n\t\t\t\t<section class=\"elementor-section elementor-top-section elementor-element elementor-element-5546492 elementor-section-boxed elementor-section-height-default elementor-section-height-default\" data-id=\"5546492\" data-element_type=\"section\">\n\t\t\t\t\t\t<div class=\"elementor-container elementor-column-gap-default\">\n\t\t\t\t\t<div class=\"elementor-column elementor-col-100 elementor-top-column elementor-element elementor-element-11c75c6\" data-id=\"11c75c6\" data-element_type=\"column\">\n\t\t\t<div class=\"elementor-widget-wrap elementor-element-populated\">\n\t\t\t\t\t\t<div class=\"elementor-element elementor-element-480f225 elementor-widget elementor-widget-heading\" data-id=\"480f225\" data-element_type=\"widget\" data-widget_type=\"heading.default\">\n\t\t\t\t<div class=\"elementor-widget-container\">\n\t\t\t\t\t<h1 class=\"elementor-heading-title elementor-size-default\">Nuestros Productos y Servicios<\/h1>\t\t\t\t<\/div>\n\t\t\t\t<\/div>\n\t\t\t\t\t<\/div>\n\t\t<\/div>\n\t\t\t\t\t<\/div>\n\t\t<\/section>\n\t\t\t\t<section class=\"elementor-section elementor-top-section elementor-element elementor-element-0020f2a elementor-section-boxed elementor-section-height-default elementor-section-height-default\" data-id=\"0020f2a\" data-element_type=\"section\">\n\t\t\t\t\t\t<div class=\"elementor-container elementor-column-gap-default\">\n\t\t\t\t\t<div class=\"elementor-column elementor-col-33 elementor-top-column elementor-element elementor-element-252098d\" data-id=\"252098d\" data-element_type=\"column\">\n\t\t\t<div class=\"elementor-widget-wrap elementor-element-populated\">\n\t\t\t\t\t\t<div class=\"elementor-element elementor-element-1a70ed3 elementor-widget elementor-widget-image\" data-id=\"1a70ed3\" data-element_type=\"widget\" data-widget_type=\"image.default\">\n\t\t\t\t<div class=\"elementor-widget-container\">\n\t\t\t\t\t\t\t\t\t\t\t\t\t\t\t\t<a href=\"https:\/\/www.prowebcol.com\/new\/index.php\/si\/\">\n\t\t\t\t\t\t\t<img decoding=\"async\" src=\"https:\/\/www.prowebcol.com\/images\/contenido\/2022\/01\/LogoSAED-med.png\" title=\"\" alt=\"Logo SAED\" loading=\"lazy\" \/>\t\t\t\t\t\t\t\t<\/a>\n\t\t\t\t\t\t\t\t\t\t\t\t\t\t\t<\/div>\n\t\t\t\t<\/div>\n\t\t\t\t<div class=\"elementor-element elementor-element-4219edd elementor-widget elementor-widget-text-editor\" data-id=\"4219edd\" data-element_type=\"widget\" data-widget_type=\"text-editor.default\">\n\t\t\t\t<div class=\"elementor-widget-container\">\n\t\t\t\t\t\t\t\t\t<p style=\"text-align: justify;\">La evaluaci\u00f3n no es una tarea aislada del proceso formativo de los estudiantes ni de la labor docente; debe estar presente y mantenerse alineada (conceptual, pedag\u00f3gica y did\u00e1cticamente) con toda la propuesta educativa que ha definido cada establecimiento educativo (EE).<\/p>\t\t\t\t\t\t\t\t<\/div>\n\t\t\t\t<\/div>\n\t\t\t\t<div class=\"elementor-element elementor-element-35e5ea4 elementor-widget elementor-widget-heading\" data-id=\"35e5ea4\" data-element_type=\"widget\" data-widget_type=\"heading.default\">\n\t\t\t\t<div class=\"elementor-widget-container\">\n\t\t\t\t\t<h3 class=\"elementor-heading-title elementor-size-default\"><a href=\"https:\/\/www.prowebcol.com\/new\/index.php\/si\/\">Leer m\u00e1s ...<\/a><\/h3>\t\t\t\t<\/div>\n\t\t\t\t<\/div>\n\t\t\t\t\t<\/div>\n\t\t<\/div>\n\t\t\t\t<div class=\"elementor-column elementor-col-33 elementor-top-column elementor-element elementor-element-5122587\" data-id=\"5122587\" data-element_type=\"column\">\n\t\t\t<div class=\"elementor-widget-wrap elementor-element-populated\">\n\t\t\t\t\t\t<div class=\"elementor-element elementor-element-0129eb0 elementor-widget elementor-widget-image\" data-id=\"0129eb0\" data-element_type=\"widget\" data-widget_type=\"image.default\">\n\t\t\t\t<div class=\"elementor-widget-container\">\n\t\t\t\t\t\t\t\t\t\t\t\t\t\t\t\t<a href=\"https:\/\/www.websuccess.net.co\/Views\/AIAsamblea\/BienvenidaAIAView\" target=\"_blank\">\n\t\t\t\t\t\t\t<img decoding=\"async\" src=\"https:\/\/www.prowebcol.com\/images\/contenido\/2022\/01\/LogoAIAHrz.jpg\" title=\"\" alt=\"Logo AIAsamblea\" loading=\"lazy\" \/>\t\t\t\t\t\t\t\t<\/a>\n\t\t\t\t\t\t\t\t\t\t\t\t\t\t\t<\/div>\n\t\t\t\t<\/div>\n\t\t\t\t<div class=\"elementor-element elementor-element-2d0ea55 elementor-widget elementor-widget-text-editor\" data-id=\"2d0ea55\" data-element_type=\"widget\" data-widget_type=\"text-editor.default\">\n\t\t\t\t<div class=\"elementor-widget-container\">\n\t\t\t\t\t\t\t\t\t<p style=\"text-align: justify;\">Cree, convoque y gestione sus asambleas con el \u00edndice de temas y administre las votaciones de las autorizaciones por tema.<\/p>\t\t\t\t\t\t\t\t<\/div>\n\t\t\t\t<\/div>\n\t\t\t\t\t<\/div>\n\t\t<\/div>\n\t\t\t\t<div class=\"elementor-column elementor-col-33 elementor-top-column elementor-element elementor-element-5487f4a\" data-id=\"5487f4a\" data-element_type=\"column\">\n\t\t\t<div class=\"elementor-widget-wrap elementor-element-populated\">\n\t\t\t\t\t\t<div class=\"elementor-element elementor-element-0c75396 elementor-widget elementor-widget-image\" data-id=\"0c75396\" data-element_type=\"widget\" data-widget_type=\"image.default\">\n\t\t\t\t<div class=\"elementor-widget-container\">\n\t\t\t\t\t\t\t\t\t\t\t\t\t\t\t\t<a href=\"https:\/\/www.websuccess.net.co\/Views\/Autenticacion\/Login?idprg=1003&#038;programa=AYO\" target=\"_blank\">\n\t\t\t\t\t\t\t<img decoding=\"async\" src=\"https:\/\/www.prowebcol.com\/images\/contenido\/2022\/01\/LogoAO-med.gif\" title=\"\" alt=\"Logo Alfa&amp;Omega\" loading=\"lazy\" \/>\t\t\t\t\t\t\t\t<\/a>\n\t\t\t\t\t\t\t\t\t\t\t\t\t\t\t<\/div>\n\t\t\t\t<\/div>\n\t\t\t\t<div class=\"elementor-element elementor-element-831adba elementor-widget elementor-widget-text-editor\" data-id=\"831adba\" data-element_type=\"widget\" data-widget_type=\"text-editor.default\">\n\t\t\t\t<div class=\"elementor-widget-container\">\n\t\t\t\t\t\t\t\t\t<p style=\"text-align: justify;\">Es una herramienta de TI, especializada en la administraci\u00f3n de\u00a0la informaci\u00f3n del\u00a0liderazgo y la capellan\u00eda de su congregaci\u00f3n.<\/p>\t\t\t\t\t\t\t\t<\/div>\n\t\t\t\t<\/div>\n\t\t\t\t\t<\/div>\n\t\t<\/div>\n\t\t\t\t\t<\/div>\n\t\t<\/section>\n\t\t\t\t<section class=\"elementor-section elementor-top-section elementor-element elementor-element-fa23419 elementor-section-boxed elementor-section-height-default elementor-section-height-default\" data-id=\"fa23419\" data-element_type=\"section\">\n\t\t\t\t\t\t<div class=\"elementor-container elementor-column-gap-default\">\n\t\t\t\t\t<div class=\"elementor-column elementor-col-33 elementor-top-column elementor-element elementor-element-e2ca29c\" data-id=\"e2ca29c\" data-element_type=\"column\">\n\t\t\t<div class=\"elementor-widget-wrap elementor-element-populated\">\n\t\t\t\t\t\t<div class=\"elementor-element elementor-element-ff8486a elementor-widget elementor-widget-image\" data-id=\"ff8486a\" data-element_type=\"widget\" data-widget_type=\"image.default\">\n\t\t\t\t<div class=\"elementor-widget-container\">\n\t\t\t\t\t\t\t\t\t\t\t\t\t\t\t\t<a href=\"https:\/\/www.websuccess.net.co\/Views\/TDP\/LoginTDP\" target=\"_blank\">\n\t\t\t\t\t\t\t<img decoding=\"async\" src=\"https:\/\/www.prowebcol.com\/images\/contenido\/2022\/01\/LogoFBlanco-med.jpg\" title=\"\" alt=\"Logo Habeas Data\" loading=\"lazy\" \/>\t\t\t\t\t\t\t\t<\/a>\n\t\t\t\t\t\t\t\t\t\t\t\t\t\t\t<\/div>\n\t\t\t\t<\/div>\n\t\t\t\t<div class=\"elementor-element elementor-element-a90e7c7 elementor-widget elementor-widget-text-editor\" data-id=\"a90e7c7\" data-element_type=\"widget\" data-widget_type=\"text-editor.default\">\n\t\t\t\t<div class=\"elementor-widget-container\">\n\t\t\t\t\t\t\t\t\t<p style=\"text-align: justify;\">Tusdatospersonales.com &#8211; (RNDB)El registro nacional de bases de datos, es el proceso que deben aplicar todas las empresas colombianas, para evitarse las sanciones estipuladas en la ley 1581 de 2012.<\/p>\t\t\t\t\t\t\t\t<\/div>\n\t\t\t\t<\/div>\n\t\t\t\t\t<\/div>\n\t\t<\/div>\n\t\t\t\t<div class=\"elementor-column elementor-col-33 elementor-top-column elementor-element elementor-element-a05c02c\" data-id=\"a05c02c\" data-element_type=\"column\">\n\t\t\t<div class=\"elementor-widget-wrap elementor-element-populated\">\n\t\t\t\t\t\t<div class=\"elementor-element elementor-element-de359e0 elementor-widget elementor-widget-heading\" data-id=\"de359e0\" data-element_type=\"widget\" data-widget_type=\"heading.default\">\n\t\t\t\t<div class=\"elementor-widget-container\">\n\t\t\t\t\t<h1 class=\"elementor-heading-title elementor-size-default\"><a href=\"https:\/\/www.websuccess.net.co\/Views\/SigueApp\/BienvenidaView\" target=\"_blank\">Sigue App<\/a><\/h1>\t\t\t\t<\/div>\n\t\t\t\t<\/div>\n\t\t\t\t<div class=\"elementor-element elementor-element-2d0a4ad elementor-widget elementor-widget-text-editor\" data-id=\"2d0a4ad\" data-element_type=\"widget\" data-widget_type=\"text-editor.default\">\n\t\t\t\t<div class=\"elementor-widget-container\">\n\t\t\t\t\t\t\t\t\t<p style=\"text-align: justify;\">Conozca el estado de sus productos e insumos, controle su uso, administre su informaci\u00f3n y reciba sugerencias para su adecuada manipulaci\u00f3n.<\/p>\t\t\t\t\t\t\t\t<\/div>\n\t\t\t\t<\/div>\n\t\t\t\t\t<\/div>\n\t\t<\/div>\n\t\t\t\t<div class=\"elementor-column elementor-col-33 elementor-top-column elementor-element elementor-element-ae68e5f\" data-id=\"ae68e5f\" data-element_type=\"column\">\n\t\t\t<div class=\"elementor-widget-wrap elementor-element-populated\">\n\t\t\t\t\t\t<div class=\"elementor-element elementor-element-00ecf76 elementor-widget elementor-widget-heading\" data-id=\"00ecf76\" data-element_type=\"widget\" data-widget_type=\"heading.default\">\n\t\t\t\t<div class=\"elementor-widget-container\">\n\t\t\t\t\t<h1 class=\"elementor-heading-title elementor-size-default\"><a href=\"https:\/\/www.websuccess.net.co\/Views\/Autenticacion\/Login?idprg=3&#038;programa=HCL\" target=\"_blank\">Historial Cl\u00ednico<\/a><\/h1>\t\t\t\t<\/div>\n\t\t\t\t<\/div>\n\t\t\t\t<div class=\"elementor-element elementor-element-49b2595 elementor-widget elementor-widget-text-editor\" data-id=\"49b2595\" data-element_type=\"widget\" data-widget_type=\"text-editor.default\">\n\t\t\t\t<div class=\"elementor-widget-container\">\n\t\t\t\t\t\t\t\t\t<p style=\"text-align: justify;\">Aumente su productividad con herramientas inform\u00e1ticas (TI) \u00e1giles, seguras y totalmente ajustadas a sus necesidades.<\/p>\t\t\t\t\t\t\t\t<\/div>\n\t\t\t\t<\/div>\n\t\t\t\t\t<\/div>\n\t\t<\/div>\n\t\t\t\t\t<\/div>\n\t\t<\/section>\n\t\t\t\t<\/div>\n\t\t","protected":false},"excerpt":{"rendered":"<p>Desarrollo de Apps y programas en el 2026 En este nuevo a\u00f1o 2026, aumente su productividad y eficacia, automatizando los procesos de su negocio, con herramientas inform\u00e1ticas (TI) \u00e1giles, seguras y totalmente ajustadas a sus necesidades. Nuestros Productos y Servicios La evaluaci\u00f3n no es una tarea aislada del proceso formativo de los estudiantes ni de [&hellip;]<\/p>\n","protected":false},"author":1,"featured_media":0,"parent":0,"menu_order":0,"comment_status":"closed","ping_status":"closed","template":"elementor_header_footer","meta":{"zakra_page_container_layout":"customizer","zakra_page_sidebar_layout":"customizer","zakra_remove_content_margin":false,"zakra_sidebar":"customizer","zakra_transparent_header":"customizer","zakra_logo":0,"zakra_main_header_style":"default","zakra_menu_item_color":"","zakra_menu_item_hover_color":"","zakra_menu_item_active_color":"","zakra_menu_active_style":"","zakra_page_header":true,"_joinchat":[],"footnotes":""},"class_list":["post-1574","page","type-page","status-publish","hentry"],"_links":{"self":[{"href":"https:\/\/www.prowebcol.com\/new\/index.php\/wp-json\/wp\/v2\/pages\/1574","targetHints":{"allow":["GET"]}}],"collection":[{"href":"https:\/\/www.prowebcol.com\/new\/index.php\/wp-json\/wp\/v2\/pages"}],"about":[{"href":"https:\/\/www.prowebcol.com\/new\/index.php\/wp-json\/wp\/v2\/types\/page"}],"author":[{"embeddable":true,"href":"https:\/\/www.prowebcol.com\/new\/index.php\/wp-json\/wp\/v2\/users\/1"}],"replies":[{"embeddable":true,"href":"https:\/\/www.prowebcol.com\/new\/index.php\/wp-json\/wp\/v2\/comments?post=1574"}],"version-history":[{"count":79,"href":"https:\/\/www.prowebcol.com\/new\/index.php\/wp-json\/wp\/v2\/pages\/1574\/revisions"}],"predecessor-version":[{"id":2629,"href":"https:\/\/www.prowebcol.com\/new\/index.php\/wp-json\/wp\/v2\/pages\/1574\/revisions\/2629"}],"wp:attachment":[{"href":"https:\/\/www.prowebcol.com\/new\/index.php\/wp-json\/wp\/v2\/media?parent=1574"}],"curies":[{"name":"wp","href":"https:\/\/api.w.org\/{rel}","templated":true}]}}