{"id":1690,"date":"2022-08-12T13:10:28","date_gmt":"2022-08-12T18:10:28","guid":{"rendered":"https:\/\/www.prowebcol.com\/new\/?page_id=1690"},"modified":"2026-01-21T07:55:48","modified_gmt":"2026-01-21T12:55:48","slug":"planes-saed","status":"publish","type":"page","link":"https:\/\/www.prowebcol.com\/new\/index.php\/planes-saed\/","title":{"rendered":"Planes SAED"},"content":{"rendered":"\t\t<div data-elementor-type=\"wp-page\" data-elementor-id=\"1690\" class=\"elementor elementor-1690\">\n\t\t\t\t\t\t<section class=\"elementor-section elementor-top-section elementor-element elementor-element-547ced3 elementor-section-boxed elementor-section-height-default elementor-section-height-default\" data-id=\"547ced3\" data-element_type=\"section\">\n\t\t\t\t\t\t<div class=\"elementor-container elementor-column-gap-default\">\n\t\t\t\t\t<div class=\"elementor-column elementor-col-100 elementor-top-column elementor-element elementor-element-e5b4663\" data-id=\"e5b4663\" data-element_type=\"column\">\n\t\t\t<div class=\"elementor-widget-wrap elementor-element-populated\">\n\t\t\t\t\t\t<div class=\"elementor-element elementor-element-15194d7 elementor-widget elementor-widget-heading\" data-id=\"15194d7\" data-element_type=\"widget\" data-widget_type=\"heading.default\">\n\t\t\t\t<div class=\"elementor-widget-container\">\n\t\t\t\t\t<h1 class=\"elementor-heading-title elementor-size-default\">Planes SAED para el a\u00f1o 2026<\/h1>\t\t\t\t<\/div>\n\t\t\t\t<\/div>\n\t\t\t\t\t<\/div>\n\t\t<\/div>\n\t\t\t\t\t<\/div>\n\t\t<\/section>\n\t\t\t\t<section class=\"elementor-section elementor-top-section elementor-element elementor-element-86614df elementor-section-boxed elementor-section-height-default elementor-section-height-default\" data-id=\"86614df\" data-element_type=\"section\">\n\t\t\t\t\t\t<div class=\"elementor-container elementor-column-gap-default\">\n\t\t\t\t\t<div class=\"elementor-column elementor-col-100 elementor-top-column elementor-element elementor-element-2a05a57\" data-id=\"2a05a57\" data-element_type=\"column\">\n\t\t\t<div class=\"elementor-widget-wrap elementor-element-populated\">\n\t\t\t\t\t\t<div class=\"elementor-element elementor-element-2cc0b9e elementor-widget elementor-widget-text-editor\" data-id=\"2cc0b9e\" data-element_type=\"widget\" data-widget_type=\"text-editor.default\">\n\t\t\t\t<div class=\"elementor-widget-container\">\n\t\t\t\t\t\t\t\t\t<p style=\"text-align: justify;\">Uni\u00e9ndonos al proceso de reactivaci\u00f3n econ\u00f3mica para este nuevo a\u00f1o 2026, dise\u00f1amos nuestros planes <strong>SAED<\/strong>\u00a0Comodato, brindando oportunidades para los\u00a0<strong>Establecimientos Educativos (EE)<\/strong> en su plan de desarrollo y crecimiento institucional, y que implementen as\u00ed un programa para colegios y la mejor herramienta de TI acad\u00e9mico administrativa; el\u00a0<strong>Sistema\u00a0Administrativo de\u00a0Evaluaci\u00f3n y\u00a0Desempe\u00f1o Acad\u00e9mico\u00a0SAED<\/strong>.<\/p>\t\t\t\t\t\t\t\t<\/div>\n\t\t\t\t<\/div>\n\t\t\t\t\t<\/div>\n\t\t<\/div>\n\t\t\t\t\t<\/div>\n\t\t<\/section>\n\t\t\t\t<section class=\"elementor-section elementor-top-section elementor-element elementor-element-53b34b0 elementor-section-boxed elementor-section-height-default elementor-section-height-default\" data-id=\"53b34b0\" data-element_type=\"section\">\n\t\t\t\t\t\t<div class=\"elementor-container elementor-column-gap-default\">\n\t\t\t\t\t<div class=\"elementor-column elementor-col-33 elementor-top-column elementor-element elementor-element-ac262ed\" data-id=\"ac262ed\" data-element_type=\"column\">\n\t\t\t<div class=\"elementor-widget-wrap elementor-element-populated\">\n\t\t\t\t\t\t<section class=\"elementor-section elementor-inner-section elementor-element elementor-element-c63c6d5 elementor-section-boxed elementor-section-height-default elementor-section-height-default\" data-id=\"c63c6d5\" data-element_type=\"section\">\n\t\t\t\t\t\t<div class=\"elementor-container elementor-column-gap-default\">\n\t\t\t\t\t<div class=\"elementor-column elementor-col-100 elementor-inner-column elementor-element elementor-element-abd7f81\" data-id=\"abd7f81\" data-element_type=\"column\">\n\t\t\t<div class=\"elementor-widget-wrap elementor-element-populated\">\n\t\t\t\t\t\t<div class=\"elementor-element elementor-element-db7c186 elementor-widget elementor-widget-heading\" data-id=\"db7c186\" data-element_type=\"widget\" data-widget_type=\"heading.default\">\n\t\t\t\t<div class=\"elementor-widget-container\">\n\t\t\t\t\t<h1 class=\"elementor-heading-title elementor-size-default\">PLAN SEMESTRAL<\/h1>\t\t\t\t<\/div>\n\t\t\t\t<\/div>\n\t\t\t\t<div class=\"elementor-element elementor-element-df54775 elementor-widget elementor-widget-heading\" data-id=\"df54775\" data-element_type=\"widget\" data-widget_type=\"heading.default\">\n\t\t\t\t<div class=\"elementor-widget-container\">\n\t\t\t\t\t<h6 class=\"elementor-heading-title elementor-size-default\">$Col 202.048 \/ mes *<\/h6>\t\t\t\t<\/div>\n\t\t\t\t<\/div>\n\t\t\t\t<div class=\"elementor-element elementor-element-37eb5e6 elementor-widget elementor-widget-heading\" data-id=\"37eb5e6\" data-element_type=\"widget\" data-widget_type=\"heading.default\">\n\t\t\t\t<div class=\"elementor-widget-container\">\n\t\t\t\t\t<h4 class=\"elementor-heading-title elementor-size-default\">$Col 1684 \/ estudiante *<\/h4>\t\t\t\t<\/div>\n\t\t\t\t<\/div>\n\t\t\t\t<div class=\"elementor-element elementor-element-e4fe701 elementor-widget elementor-widget-heading\" data-id=\"e4fe701\" data-element_type=\"widget\" data-widget_type=\"heading.default\">\n\t\t\t\t<div class=\"elementor-widget-container\">\n\t\t\t\t\t<h5 class=\"elementor-heading-title elementor-size-default\">SAED - Acad\u00e9mico<\/h5>\t\t\t\t<\/div>\n\t\t\t\t<\/div>\n\t\t\t\t<div class=\"elementor-element elementor-element-a70964e elementor-widget elementor-widget-text-editor\" data-id=\"a70964e\" data-element_type=\"widget\" data-widget_type=\"text-editor.default\">\n\t\t\t\t<div class=\"elementor-widget-container\">\n\t\t\t\t\t\t\t\t\t<p style=\"text-align: justify;\">Todas las caracter\u00edsticas del\u00a0<strong>Sistema\u00a0Administrativo de\u00a0Evaluaci\u00f3n y\u00a0Desempe\u00f1o Acad\u00e9mico<\/strong>, necesarias para optimizar los procesos de su instituci\u00f3n:<\/p>\t\t\t\t\t\t\t\t<\/div>\n\t\t\t\t<\/div>\n\t\t\t\t<div class=\"elementor-element elementor-element-eb58df5 elementor-widget elementor-widget-text-editor\" data-id=\"eb58df5\" data-element_type=\"widget\" data-widget_type=\"text-editor.default\">\n\t\t\t\t<div class=\"elementor-widget-container\">\n\t\t\t\t\t\t\t\t\t<div><img decoding=\"async\" class=\"alignnone wp-image-1696\" src=\"https:\/\/www.prowebcol.com\/new\/wp-content\/uploads\/2022\/08\/Comunicacion.png\" alt=\"\" width=\"40\" height=\"40\" \/>Comunicaci\u00f3n<\/div><div><img decoding=\"async\" class=\"alignnone wp-image-1699\" src=\"https:\/\/www.prowebcol.com\/new\/wp-content\/uploads\/2022\/08\/AulaVirtual.png\" alt=\"\" width=\"40\" height=\"40\" \/>Gesti\u00f3n Acad\u00e9mica<\/div><div><img decoding=\"async\" class=\"alignnone wp-image-1698\" src=\"https:\/\/www.prowebcol.com\/new\/wp-content\/uploads\/2022\/08\/Seguridad.png\" alt=\"\" width=\"40\" height=\"40\" \/>Seguridad<\/div><div><img loading=\"lazy\" decoding=\"async\" class=\"alignnone wp-image-1697\" src=\"https:\/\/www.prowebcol.com\/new\/wp-content\/uploads\/2022\/08\/Reportes.png\" alt=\"\" width=\"40\" height=\"40\" \/>Reportes<\/div><div><img loading=\"lazy\" decoding=\"async\" class=\"alignnone wp-image-1700\" src=\"https:\/\/www.prowebcol.com\/new\/wp-content\/uploads\/2022\/08\/GestionAcademica.png\" alt=\"\" width=\"40\" height=\"40\" \/>Soporte incluido<\/div>\t\t\t\t\t\t\t\t<\/div>\n\t\t\t\t<\/div>\n\t\t\t\t\t<\/div>\n\t\t<\/div>\n\t\t\t\t\t<\/div>\n\t\t<\/section>\n\t\t\t\t<div class=\"elementor-element elementor-element-15dd610 elementor-widget-divider--view-line elementor-widget elementor-widget-divider\" data-id=\"15dd610\" data-element_type=\"widget\" data-widget_type=\"divider.default\">\n\t\t\t\t<div class=\"elementor-widget-container\">\n\t\t\t\t\t\t\t<div class=\"elementor-divider\">\n\t\t\t<span class=\"elementor-divider-separator\">\n\t\t\t\t\t\t<\/span>\n\t\t<\/div>\n\t\t\t\t\t\t<\/div>\n\t\t\t\t<\/div>\n\t\t\t\t\t<\/div>\n\t\t<\/div>\n\t\t\t\t<div class=\"elementor-column elementor-col-33 elementor-top-column elementor-element elementor-element-b8aab35\" data-id=\"b8aab35\" data-element_type=\"column\" data-settings=\"{&quot;background_background&quot;:&quot;classic&quot;}\">\n\t\t\t<div class=\"elementor-widget-wrap elementor-element-populated\">\n\t\t\t\t\t\t<section class=\"elementor-section elementor-inner-section elementor-element elementor-element-a970324 elementor-section-boxed elementor-section-height-default elementor-section-height-default\" data-id=\"a970324\" data-element_type=\"section\" data-settings=\"{&quot;background_background&quot;:&quot;classic&quot;}\">\n\t\t\t\t\t\t<div class=\"elementor-container elementor-column-gap-default\">\n\t\t\t\t\t<div class=\"elementor-column elementor-col-100 elementor-inner-column elementor-element elementor-element-c8af9a8\" data-id=\"c8af9a8\" data-element_type=\"column\">\n\t\t\t<div class=\"elementor-widget-wrap elementor-element-populated\">\n\t\t\t\t\t\t<div class=\"elementor-element elementor-element-6093173 elementor-widget elementor-widget-heading\" data-id=\"6093173\" data-element_type=\"widget\" data-widget_type=\"heading.default\">\n\t\t\t\t<div class=\"elementor-widget-container\">\n\t\t\t\t\t<h5 class=\"elementor-heading-title elementor-size-default\">RECOMENDADO<\/h5>\t\t\t\t<\/div>\n\t\t\t\t<\/div>\n\t\t\t\t<div class=\"elementor-element elementor-element-e201b84 elementor-widget elementor-widget-heading\" data-id=\"e201b84\" data-element_type=\"widget\" data-widget_type=\"heading.default\">\n\t\t\t\t<div class=\"elementor-widget-container\">\n\t\t\t\t\t<h2 class=\"elementor-heading-title elementor-size-default\">PLAN PROMOCIONAL<\/h2>\t\t\t\t<\/div>\n\t\t\t\t<\/div>\n\t\t\t\t<div class=\"elementor-element elementor-element-fddf533 elementor-widget elementor-widget-heading\" data-id=\"fddf533\" data-element_type=\"widget\" data-widget_type=\"heading.default\">\n\t\t\t\t<div class=\"elementor-widget-container\">\n\t\t\t\t\t<h6 class=\"elementor-heading-title elementor-size-default\">$Col 136.563 \/ mes *<\/h6>\t\t\t\t<\/div>\n\t\t\t\t<\/div>\n\t\t\t\t<div class=\"elementor-element elementor-element-19664e0 elementor-widget elementor-widget-heading\" data-id=\"19664e0\" data-element_type=\"widget\" data-widget_type=\"heading.default\">\n\t\t\t\t<div class=\"elementor-widget-container\">\n\t\t\t\t\t<h4 class=\"elementor-heading-title elementor-size-default\">$Col 1138 \/ estudiante *<\/h4>\t\t\t\t<\/div>\n\t\t\t\t<\/div>\n\t\t\t\t<div class=\"elementor-element elementor-element-c5911e1 elementor-widget elementor-widget-heading\" data-id=\"c5911e1\" data-element_type=\"widget\" data-widget_type=\"heading.default\">\n\t\t\t\t<div class=\"elementor-widget-container\">\n\t\t\t\t\t<h5 class=\"elementor-heading-title elementor-size-default\">SAED - Acad\u00e9mico  (-24.3%)<\/h5>\t\t\t\t<\/div>\n\t\t\t\t<\/div>\n\t\t\t\t<div class=\"elementor-element elementor-element-dd40f01 elementor-widget elementor-widget-text-editor\" data-id=\"dd40f01\" data-element_type=\"widget\" data-widget_type=\"text-editor.default\">\n\t\t\t\t<div class=\"elementor-widget-container\">\n\t\t\t\t\t\t\t\t\t<p style=\"text-align: justify;\">Todas las caracter\u00edsticas del\u00a0<strong>Sistema\u00a0Administrativo de\u00a0Evaluaci\u00f3n y\u00a0Desempe\u00f1o Acad\u00e9mico<\/strong>, necesarias para optimizar los procesos de su instituci\u00f3n:<\/p>\t\t\t\t\t\t\t\t<\/div>\n\t\t\t\t<\/div>\n\t\t\t\t<div class=\"elementor-element elementor-element-48b4919 elementor-widget elementor-widget-text-editor\" data-id=\"48b4919\" data-element_type=\"widget\" data-widget_type=\"text-editor.default\">\n\t\t\t\t<div class=\"elementor-widget-container\">\n\t\t\t\t\t\t\t\t\t<div><img decoding=\"async\" class=\"alignnone wp-image-1696\" src=\"https:\/\/www.prowebcol.com\/new\/wp-content\/uploads\/2022\/08\/Comunicacion.png\" alt=\"\" width=\"40\" height=\"40\" \/>Comunicaci\u00f3n<\/div><div><img decoding=\"async\" class=\"alignnone wp-image-1699\" src=\"https:\/\/www.prowebcol.com\/new\/wp-content\/uploads\/2022\/08\/AulaVirtual.png\" alt=\"\" width=\"40\" height=\"40\" \/>Gesti\u00f3n Acad\u00e9mica<\/div><div><img decoding=\"async\" class=\"alignnone wp-image-1698\" src=\"https:\/\/www.prowebcol.com\/new\/wp-content\/uploads\/2022\/08\/Seguridad.png\" alt=\"\" width=\"40\" height=\"40\" \/>Seguridad<\/div><div><img loading=\"lazy\" decoding=\"async\" class=\"alignnone wp-image-1697\" src=\"https:\/\/www.prowebcol.com\/new\/wp-content\/uploads\/2022\/08\/Reportes.png\" alt=\"\" width=\"40\" height=\"40\" \/>Reportes<\/div><div><img loading=\"lazy\" decoding=\"async\" class=\"alignnone wp-image-1700\" src=\"https:\/\/www.prowebcol.com\/new\/wp-content\/uploads\/2022\/08\/GestionAcademica.png\" alt=\"\" width=\"40\" height=\"40\" \/>Soporte incluido<\/div>\t\t\t\t\t\t\t\t<\/div>\n\t\t\t\t<\/div>\n\t\t\t\t\t<\/div>\n\t\t<\/div>\n\t\t\t\t\t<\/div>\n\t\t<\/section>\n\t\t\t\t\t<\/div>\n\t\t<\/div>\n\t\t\t\t<div class=\"elementor-column elementor-col-33 elementor-top-column elementor-element elementor-element-3c892f4\" data-id=\"3c892f4\" data-element_type=\"column\">\n\t\t\t<div class=\"elementor-widget-wrap elementor-element-populated\">\n\t\t\t\t\t\t<section class=\"elementor-section elementor-inner-section elementor-element elementor-element-e2663d6 elementor-section-boxed elementor-section-height-default elementor-section-height-default\" data-id=\"e2663d6\" data-element_type=\"section\">\n\t\t\t\t\t\t<div class=\"elementor-container elementor-column-gap-default\">\n\t\t\t\t\t<div class=\"elementor-column elementor-col-100 elementor-inner-column elementor-element elementor-element-12e80a4\" data-id=\"12e80a4\" data-element_type=\"column\">\n\t\t\t<div class=\"elementor-widget-wrap elementor-element-populated\">\n\t\t\t\t\t\t<div class=\"elementor-element elementor-element-a51f539 elementor-widget elementor-widget-heading\" data-id=\"a51f539\" data-element_type=\"widget\" data-widget_type=\"heading.default\">\n\t\t\t\t<div class=\"elementor-widget-container\">\n\t\t\t\t\t<h1 class=\"elementor-heading-title elementor-size-default\">PLAN ANUAL<\/h1>\t\t\t\t<\/div>\n\t\t\t\t<\/div>\n\t\t\t\t<div class=\"elementor-element elementor-element-cc036ef elementor-widget elementor-widget-heading\" data-id=\"cc036ef\" data-element_type=\"widget\" data-widget_type=\"heading.default\">\n\t\t\t\t<div class=\"elementor-widget-container\">\n\t\t\t\t\t<h6 class=\"elementor-heading-title elementor-size-default\">$Col 180.400 \/ mes *<\/h6>\t\t\t\t<\/div>\n\t\t\t\t<\/div>\n\t\t\t\t<div class=\"elementor-element elementor-element-2b32bc8 elementor-widget elementor-widget-heading\" data-id=\"2b32bc8\" data-element_type=\"widget\" data-widget_type=\"heading.default\">\n\t\t\t\t<div class=\"elementor-widget-container\">\n\t\t\t\t\t<h4 class=\"elementor-heading-title elementor-size-default\">$Col 1504 \/ estudiante *<\/h4>\t\t\t\t<\/div>\n\t\t\t\t<\/div>\n\t\t\t\t<div class=\"elementor-element elementor-element-3d0dd7b elementor-widget elementor-widget-heading\" data-id=\"3d0dd7b\" data-element_type=\"widget\" data-widget_type=\"heading.default\">\n\t\t\t\t<div class=\"elementor-widget-container\">\n\t\t\t\t\t<h5 class=\"elementor-heading-title elementor-size-default\">SAED - Acad\u00e9mico  (-12%)<\/h5>\t\t\t\t<\/div>\n\t\t\t\t<\/div>\n\t\t\t\t<div class=\"elementor-element elementor-element-e6f4d1e elementor-widget elementor-widget-text-editor\" data-id=\"e6f4d1e\" data-element_type=\"widget\" data-widget_type=\"text-editor.default\">\n\t\t\t\t<div class=\"elementor-widget-container\">\n\t\t\t\t\t\t\t\t\t<p style=\"text-align: justify;\">Todas las caracter\u00edsticas del\u00a0<strong>Sistema\u00a0Administrativo de\u00a0Evaluaci\u00f3n y\u00a0Desempe\u00f1o Acad\u00e9mico<\/strong>, necesarias para optimizar los procesos de su instituci\u00f3n:<\/p>\t\t\t\t\t\t\t\t<\/div>\n\t\t\t\t<\/div>\n\t\t\t\t<div class=\"elementor-element elementor-element-db35920 elementor-widget elementor-widget-text-editor\" data-id=\"db35920\" data-element_type=\"widget\" data-widget_type=\"text-editor.default\">\n\t\t\t\t<div class=\"elementor-widget-container\">\n\t\t\t\t\t\t\t\t\t<div><img decoding=\"async\" class=\"alignnone wp-image-1696\" src=\"https:\/\/www.prowebcol.com\/new\/wp-content\/uploads\/2022\/08\/Comunicacion.png\" alt=\"\" width=\"40\" height=\"40\" \/>Comunicaci\u00f3n<\/div><div><img decoding=\"async\" class=\"alignnone wp-image-1699\" src=\"https:\/\/www.prowebcol.com\/new\/wp-content\/uploads\/2022\/08\/AulaVirtual.png\" alt=\"\" width=\"40\" height=\"40\" \/>Gesti\u00f3n Acad\u00e9mica<\/div><div><img decoding=\"async\" class=\"alignnone wp-image-1698\" src=\"https:\/\/www.prowebcol.com\/new\/wp-content\/uploads\/2022\/08\/Seguridad.png\" alt=\"\" width=\"40\" height=\"40\" \/>Seguridad<\/div><div><img loading=\"lazy\" decoding=\"async\" class=\"alignnone wp-image-1697\" src=\"https:\/\/www.prowebcol.com\/new\/wp-content\/uploads\/2022\/08\/Reportes.png\" alt=\"\" width=\"40\" height=\"40\" \/>Reportes<\/div><div><img loading=\"lazy\" decoding=\"async\" class=\"alignnone wp-image-1700\" src=\"https:\/\/www.prowebcol.com\/new\/wp-content\/uploads\/2022\/08\/GestionAcademica.png\" alt=\"\" width=\"40\" height=\"40\" \/>Soporte incluido<\/div>\t\t\t\t\t\t\t\t<\/div>\n\t\t\t\t<\/div>\n\t\t\t\t\t<\/div>\n\t\t<\/div>\n\t\t\t\t\t<\/div>\n\t\t<\/section>\n\t\t\t\t\t<\/div>\n\t\t<\/div>\n\t\t\t\t\t<\/div>\n\t\t<\/section>\n\t\t\t\t<section class=\"elementor-section elementor-top-section elementor-element elementor-element-64b22fe elementor-section-boxed elementor-section-height-default elementor-section-height-default\" data-id=\"64b22fe\" data-element_type=\"section\">\n\t\t\t\t\t\t<div class=\"elementor-container elementor-column-gap-default\">\n\t\t\t\t\t<div class=\"elementor-column elementor-col-100 elementor-top-column elementor-element elementor-element-b136fcc\" data-id=\"b136fcc\" data-element_type=\"column\">\n\t\t\t<div class=\"elementor-widget-wrap elementor-element-populated\">\n\t\t\t\t\t\t<div class=\"elementor-element elementor-element-bf1da73 elementor-widget elementor-widget-text-editor\" data-id=\"bf1da73\" data-element_type=\"widget\" data-widget_type=\"text-editor.default\">\n\t\t\t\t<div class=\"elementor-widget-container\">\n\t\t\t\t\t\t\t\t\t<p><em>* Aplican condiciones y restricciones y cantidad de estudiantes y comportamiento del&nbsp;<\/em><i>d\u00f3lar<\/i><\/p>\t\t\t\t\t\t\t\t<\/div>\n\t\t\t\t<\/div>\n\t\t\t\t\t<\/div>\n\t\t<\/div>\n\t\t\t\t\t<\/div>\n\t\t<\/section>\n\t\t\t\t<\/div>\n\t\t","protected":false},"excerpt":{"rendered":"<p>Planes SAED para el a\u00f1o 2026 Uni\u00e9ndonos al proceso de reactivaci\u00f3n econ\u00f3mica para este nuevo a\u00f1o 2026, dise\u00f1amos nuestros planes SAED\u00a0Comodato, brindando oportunidades para los\u00a0Establecimientos Educativos (EE) en su plan de desarrollo y crecimiento institucional, y que implementen as\u00ed un programa para colegios y la mejor herramienta de TI acad\u00e9mico administrativa; el\u00a0Sistema\u00a0Administrativo de\u00a0Evaluaci\u00f3n y\u00a0Desempe\u00f1o Acad\u00e9mico\u00a0SAED. [&hellip;]<\/p>\n","protected":false},"author":1,"featured_media":0,"parent":0,"menu_order":0,"comment_status":"closed","ping_status":"closed","template":"elementor_header_footer","meta":{"zakra_page_container_layout":"customizer","zakra_page_sidebar_layout":"customizer","zakra_remove_content_margin":false,"zakra_sidebar":"customizer","zakra_transparent_header":"customizer","zakra_logo":0,"zakra_main_header_style":"default","zakra_menu_item_color":"","zakra_menu_item_hover_color":"","zakra_menu_item_active_color":"","zakra_menu_active_style":"","zakra_page_header":true,"_joinchat":[],"footnotes":""},"class_list":["post-1690","page","type-page","status-publish","hentry"],"_links":{"self":[{"href":"https:\/\/www.prowebcol.com\/new\/index.php\/wp-json\/wp\/v2\/pages\/1690","targetHints":{"allow":["GET"]}}],"collection":[{"href":"https:\/\/www.prowebcol.com\/new\/index.php\/wp-json\/wp\/v2\/pages"}],"about":[{"href":"https:\/\/www.prowebcol.com\/new\/index.php\/wp-json\/wp\/v2\/types\/page"}],"author":[{"embeddable":true,"href":"https:\/\/www.prowebcol.com\/new\/index.php\/wp-json\/wp\/v2\/users\/1"}],"replies":[{"embeddable":true,"href":"https:\/\/www.prowebcol.com\/new\/index.php\/wp-json\/wp\/v2\/comments?post=1690"}],"version-history":[{"count":109,"href":"https:\/\/www.prowebcol.com\/new\/index.php\/wp-json\/wp\/v2\/pages\/1690\/revisions"}],"predecessor-version":[{"id":2604,"href":"https:\/\/www.prowebcol.com\/new\/index.php\/wp-json\/wp\/v2\/pages\/1690\/revisions\/2604"}],"wp:attachment":[{"href":"https:\/\/www.prowebcol.com\/new\/index.php\/wp-json\/wp\/v2\/media?parent=1690"}],"curies":[{"name":"wp","href":"https:\/\/api.w.org\/{rel}","templated":true}]}}