{"id":1777,"date":"2022-08-12T15:57:04","date_gmt":"2022-08-12T20:57:04","guid":{"rendered":"https:\/\/www.prowebcol.com\/new\/?page_id=1777"},"modified":"2026-01-21T08:06:32","modified_gmt":"2026-01-21T13:06:32","slug":"demos-saed","status":"publish","type":"page","link":"https:\/\/www.prowebcol.com\/new\/index.php\/demos-saed\/","title":{"rendered":"Demos SAED"},"content":{"rendered":"\t\t<div data-elementor-type=\"wp-page\" data-elementor-id=\"1777\" class=\"elementor elementor-1777\">\n\t\t\t\t\t\t<section class=\"elementor-section elementor-top-section elementor-element elementor-element-75d8447 elementor-section-boxed elementor-section-height-default elementor-section-height-default\" data-id=\"75d8447\" data-element_type=\"section\">\n\t\t\t\t\t\t<div class=\"elementor-container elementor-column-gap-default\">\n\t\t\t\t\t<div class=\"elementor-column elementor-col-100 elementor-top-column elementor-element elementor-element-466022c\" data-id=\"466022c\" data-element_type=\"column\">\n\t\t\t<div class=\"elementor-widget-wrap elementor-element-populated\">\n\t\t\t\t\t\t<div class=\"elementor-element elementor-element-510085d elementor-widget elementor-widget-heading\" data-id=\"510085d\" data-element_type=\"widget\" data-widget_type=\"heading.default\">\n\t\t\t\t<div class=\"elementor-widget-container\">\n\t\t\t\t\t<h1 class=\"elementor-heading-title elementor-size-default\">Demostraciones del SAED-Acad\u00e9mico 2026<\/h1>\t\t\t\t<\/div>\n\t\t\t\t<\/div>\n\t\t\t\t\t<\/div>\n\t\t<\/div>\n\t\t\t\t\t<\/div>\n\t\t<\/section>\n\t\t\t\t<section class=\"elementor-section elementor-top-section elementor-element elementor-element-47b9369 elementor-section-boxed elementor-section-height-default elementor-section-height-default\" data-id=\"47b9369\" data-element_type=\"section\">\n\t\t\t\t\t\t<div class=\"elementor-container elementor-column-gap-default\">\n\t\t\t\t\t<div class=\"elementor-column elementor-col-100 elementor-top-column elementor-element elementor-element-eddba9f\" data-id=\"eddba9f\" data-element_type=\"column\">\n\t\t\t<div class=\"elementor-widget-wrap elementor-element-populated\">\n\t\t\t\t\t\t<div class=\"elementor-element elementor-element-1b5a803 elementor-widget elementor-widget-text-editor\" data-id=\"1b5a803\" data-element_type=\"widget\" data-widget_type=\"text-editor.default\">\n\t\t\t\t<div class=\"elementor-widget-container\">\n\t\t\t\t\t\t\t\t\t<h3>Nuestros procesos de demostraci\u00f3n no tienen costo.<\/h3>\t\t\t\t\t\t\t\t<\/div>\n\t\t\t\t<\/div>\n\t\t\t\t\t<\/div>\n\t\t<\/div>\n\t\t\t\t\t<\/div>\n\t\t<\/section>\n\t\t\t\t<section class=\"elementor-section elementor-top-section elementor-element elementor-element-094a5f9 elementor-section-boxed elementor-section-height-default elementor-section-height-default\" data-id=\"094a5f9\" data-element_type=\"section\">\n\t\t\t\t\t\t<div class=\"elementor-container elementor-column-gap-default\">\n\t\t\t\t\t<div class=\"elementor-column elementor-col-50 elementor-top-column elementor-element elementor-element-db089b9\" data-id=\"db089b9\" data-element_type=\"column\">\n\t\t\t<div class=\"elementor-widget-wrap elementor-element-populated\">\n\t\t\t\t\t\t<div class=\"elementor-element elementor-element-1526a7a elementor-widget elementor-widget-text-editor\" data-id=\"1526a7a\" data-element_type=\"widget\" data-widget_type=\"text-editor.default\">\n\t\t\t\t<div class=\"elementor-widget-container\">\n\t\t\t\t\t\t\t\t\t<h1>Si aun no ha solicitado su demostraci\u00f3n gratis dar<\/h1><h1><a href=\"https:\/\/www.prowebcol.com\/index.php\/es\/servicios-es-es\/desarrollo-de-software-es-es\/sistema-escolar-saed\/demostracion-2022-aqui\" target=\"_self\">Clic Aqu\u00ed<\/a>.<\/h1><h2>Para ingresar a nuestra plataforma de Demostraciones dar<\/h2><h2><a href=\"https:\/\/webdemostraining.websuccess.net.co\/Views\/Autenticacion\/Login?idprg=2005&amp;tpForm=log&amp;programa=AED\" target=\"_blank\" rel=\"noopener\">Clic Aqu\u00ed<\/a>.<\/h2><div>\u00a0<\/div><h2>Para\u00a0<strong>PROWEBCOL<\/strong>, es muy grato contar con ustedes y colaborar activamente en una eficaz, \u00e1gil, sencilla pero segura administraci\u00f3n de su Establecimiento Educativo.<\/h2><h3><strong>TEL\u00c9FONOS: 3113981505 &#8211; 3113981509<\/strong><\/h3><h4><strong>E-MAIL:\u00a0<span id=\"cloak68cbd07dc2a16575cbe1e075f8c825bd\"><\/span><a href=\"mailto:soporte@prowebcol.com\">soporte@prowebcol.com<\/a>,\u00a0 <span id=\"cloakd9fb79eb3f4eeae4b02cc89bac685915\"><\/span><a href=\"mailto:prowebcol@gmail.com\">prowebcol@gmail.com<\/a><\/strong><\/h4>\t\t\t\t\t\t\t\t<\/div>\n\t\t\t\t<\/div>\n\t\t\t\t\t<\/div>\n\t\t<\/div>\n\t\t\t\t<div class=\"elementor-column elementor-col-50 elementor-top-column elementor-element elementor-element-b0a67b9\" data-id=\"b0a67b9\" data-element_type=\"column\">\n\t\t\t<div class=\"elementor-widget-wrap elementor-element-populated\">\n\t\t\t\t\t\t<div class=\"elementor-element elementor-element-16a9205 elementor-widget elementor-widget-image\" data-id=\"16a9205\" data-element_type=\"widget\" data-widget_type=\"image.default\">\n\t\t\t\t<div class=\"elementor-widget-container\">\n\t\t\t\t\t\t\t\t\t\t\t\t\t\t\t<img decoding=\"async\" src=\"https:\/\/www.prowebcol.com\/images\/banners\/AlertaSP.png\" title=\"\" alt=\"\" loading=\"lazy\" \/>\t\t\t\t\t\t\t\t\t\t\t\t\t\t\t<\/div>\n\t\t\t\t<\/div>\n\t\t\t\t\t<\/div>\n\t\t<\/div>\n\t\t\t\t\t<\/div>\n\t\t<\/section>\n\t\t\t\t<\/div>\n\t\t","protected":false},"excerpt":{"rendered":"<p>Demostraciones del SAED-Acad\u00e9mico 2026 Nuestros procesos de demostraci\u00f3n no tienen costo. Si aun no ha solicitado su demostraci\u00f3n gratis dar Clic Aqu\u00ed. Para ingresar a nuestra plataforma de Demostraciones dar Clic Aqu\u00ed. \u00a0 Para\u00a0PROWEBCOL, es muy grato contar con ustedes y colaborar activamente en una eficaz, \u00e1gil, sencilla pero segura administraci\u00f3n de su Establecimiento Educativo. [&hellip;]<\/p>\n","protected":false},"author":1,"featured_media":0,"parent":0,"menu_order":0,"comment_status":"closed","ping_status":"closed","template":"elementor_header_footer","meta":{"zakra_page_container_layout":"customizer","zakra_page_sidebar_layout":"customizer","zakra_remove_content_margin":false,"zakra_sidebar":"customizer","zakra_transparent_header":"customizer","zakra_logo":0,"zakra_main_header_style":"default","zakra_menu_item_color":"","zakra_menu_item_hover_color":"","zakra_menu_item_active_color":"","zakra_menu_active_style":"","zakra_page_header":true,"_joinchat":[],"footnotes":""},"class_list":["post-1777","page","type-page","status-publish","hentry"],"_links":{"self":[{"href":"https:\/\/www.prowebcol.com\/new\/index.php\/wp-json\/wp\/v2\/pages\/1777","targetHints":{"allow":["GET"]}}],"collection":[{"href":"https:\/\/www.prowebcol.com\/new\/index.php\/wp-json\/wp\/v2\/pages"}],"about":[{"href":"https:\/\/www.prowebcol.com\/new\/index.php\/wp-json\/wp\/v2\/types\/page"}],"author":[{"embeddable":true,"href":"https:\/\/www.prowebcol.com\/new\/index.php\/wp-json\/wp\/v2\/users\/1"}],"replies":[{"embeddable":true,"href":"https:\/\/www.prowebcol.com\/new\/index.php\/wp-json\/wp\/v2\/comments?post=1777"}],"version-history":[{"count":28,"href":"https:\/\/www.prowebcol.com\/new\/index.php\/wp-json\/wp\/v2\/pages\/1777\/revisions"}],"predecessor-version":[{"id":2620,"href":"https:\/\/www.prowebcol.com\/new\/index.php\/wp-json\/wp\/v2\/pages\/1777\/revisions\/2620"}],"wp:attachment":[{"href":"https:\/\/www.prowebcol.com\/new\/index.php\/wp-json\/wp\/v2\/media?parent=1777"}],"curies":[{"name":"wp","href":"https:\/\/api.w.org\/{rel}","templated":true}]}}